{"id":1452,"date":"2016-02-17T13:14:31","date_gmt":"2016-02-17T12:14:31","guid":{"rendered":"https:\/\/www.ri-me.it\/azienda\/"},"modified":"2025-09-26T09:24:26","modified_gmt":"2025-09-26T07:24:26","slug":"societe","status":"publish","type":"page","link":"https:\/\/www.ri-me.it\/fr\/societe\/","title":{"rendered":"Soci\u00e9t\u00e9"},"content":{"rendered":"<p>[et_pb_section admin_label=&#8221;Sezione&#8221; fullwidth=&#8221;on&#8221; specialty=&#8221;off&#8221;][et_pb_fullwidth_header admin_label=&#8221;Intestazione a Larghezza Piena&#8221; title=&#8221;Notre soci\u00e9t\u00e9&#8221; background_layout=&#8221;dark&#8221; text_orientation=&#8221;left&#8221; header_fullscreen=&#8221;off&#8221; header_scroll_down=&#8221;off&#8221; parallax=&#8221;off&#8221; parallax_method=&#8221;off&#8221; content_orientation=&#8221;center&#8221; image_orientation=&#8221;center&#8221; custom_button_one=&#8221;off&#8221; button_one_letter_spacing=&#8221;0&#8243; button_one_use_icon=&#8221;default&#8221; button_one_icon_placement=&#8221;right&#8221; button_one_on_hover=&#8221;on&#8221; button_one_letter_spacing_hover=&#8221;0&#8243; custom_button_two=&#8221;off&#8221; button_two_letter_spacing=&#8221;0&#8243; button_two_use_icon=&#8221;default&#8221; button_two_icon_placement=&#8221;right&#8221; button_two_on_hover=&#8221;on&#8221; button_two_letter_spacing_hover=&#8221;0&#8243; background_url=&#8221;https:\/\/www.ri-me.it\/wp-content\/uploads\/2016\/02\/slide-06.jpg&#8221; background_overlay_color=&#8221;rgba(0,0,0,0.3)&#8221; title_font_size=&#8221;42&#8243;] [\/et_pb_fullwidth_header][\/et_pb_section][et_pb_section admin_label=&#8221;section&#8221; background_image=&#8221;https:\/\/www.ri-me.it\/wp-content\/uploads\/2016\/02\/16-azienda-ACCESSORI-MONTATI-SU-CINTURA.jpg&#8221; transparent_background=&#8221;off&#8221; allow_player_pause=&#8221;off&#8221; inner_shadow=&#8221;off&#8221; parallax=&#8221;on&#8221; parallax_method=&#8221;on&#8221; padding_mobile=&#8221;off&#8221; make_fullwidth=&#8221;off&#8221; use_custom_width=&#8221;off&#8221; width_unit=&#8221;on&#8221; make_equal=&#8221;off&#8221; use_custom_gutter=&#8221;off&#8221;][et_pb_row admin_label=&#8221;row&#8221; make_fullwidth=&#8221;off&#8221; use_custom_width=&#8221;off&#8221; width_unit=&#8221;on&#8221; use_custom_gutter=&#8221;off&#8221; padding_mobile=&#8221;off&#8221; background_color=&#8221;rgba(0,0,0,0.7)&#8221; allow_player_pause=&#8221;off&#8221; parallax=&#8221;off&#8221; parallax_method=&#8221;off&#8221; make_equal=&#8221;off&#8221; padding_top_1=&#8221;20&#8243; padding_right_1=&#8221;10&#8243; padding_bottom_1=&#8221;20&#8243; padding_left_1=&#8221;20&#8243; padding_top_2=&#8221;20&#8243; padding_right_2=&#8221;20&#8243; padding_bottom_2=&#8221;20&#8243; padding_left_2=&#8221;10&#8243; column_padding_mobile=&#8221;on&#8221; custom_css_main_element=&#8221;-webkit-border-radius: 15px;||border-radius: 15px;&#8221;][et_pb_column type=&#8221;1_2&#8243;][et_pb_divider admin_label=&#8221;Modulo Separatore&#8221; color=&#8221;#ffffff&#8221; show_divider=&#8221;off&#8221; height=&#8221;30&#8243; divider_style=&#8221;solid&#8221; divider_position=&#8221;top&#8221; hide_on_mobile=&#8221;on&#8221;] [\/et_pb_divider][et_pb_text admin_label=&#8221;Testo&#8221; background_layout=&#8221;dark&#8221; text_orientation=&#8221;left&#8221; use_border_color=&#8221;off&#8221; border_color=&#8221;#ffffff&#8221; border_style=&#8221;solid&#8221;]<\/p>\n<p>Notre Soci\u00e9t\u00e9 produit Accessoires pour la Maroquinerie, Chaussures, en zamac et laiton<\/p>\n<p>La Maison Ri-me n\u00e9e dans l\u2019ann\u00e8e 1971 \u00e0 Florence dans un petit atelier.<\/p>\n<p>Nous propri\u00e9taires actuels, Mauro et Silvia Paoli, fils de un membre fondateur, nous produissons nos articles avec des techniques<br \/>\ntr\u00e9s modernes sans oublier notre ancien esprit tr\u00e9s artisanal.<\/p>\n<p>Nous sommes toujours \u00e0 la recherche des \u00e9tudes pour la creation de nos collections n\u00e9es grace \u00e0 notre cr\u00e9ativit\u00e9, la quelle nous permet<br \/>\nde bien travailler avec les besoins que la mode demande.<\/p>\n<p>Nous avons la possibilit\u00e8 de realiser aussi des accessoires et collections exclusives sur demande des nos clients.<\/p>\n<p>Les livraisons rapides, les relations amicales et professionnelles que nous avons avec nos clients, et la qualit\u00e9 de nos produits,<br \/>\nils nous permettons d\u2019etre connus et appr\u00e9ci\u00e9s dans le mond.<\/p>\n<p>[\/et_pb_text][et_pb_divider admin_label=&#8221;Modulo Separatore&#8221; color=&#8221;#ffffff&#8221; show_divider=&#8221;off&#8221; height=&#8221;100&#8243; divider_style=&#8221;solid&#8221; divider_position=&#8221;top&#8221; hide_on_mobile=&#8221;on&#8221;] [\/et_pb_divider][\/et_pb_column][et_pb_column type=&#8221;1_2&#8243;][et_pb_divider admin_label=&#8221;Modulo Separatore&#8221; color=&#8221;#ffffff&#8221; show_divider=&#8221;off&#8221; height=&#8221;30&#8243; divider_style=&#8221;solid&#8221; divider_position=&#8221;top&#8221; hide_on_mobile=&#8221;on&#8221;] [\/et_pb_divider][et_pb_gallery admin_label=&#8221;Galleria&#8221; gallery_ids=&#8221;333,347,332,334,335,339,336,337,338,340,341,343,342,345,344,346&#8243; fullwidth=&#8221;on&#8221; posts_number=&#8221;1&#8243; show_title_and_caption=&#8221;off&#8221; show_pagination=&#8221;off&#8221; background_layout=&#8221;light&#8221; auto=&#8221;on&#8221; hover_overlay_color=&#8221;rgba(255,255,255,0.9)&#8221; caption_all_caps=&#8221;off&#8221; use_border_color=&#8221;off&#8221; border_color=&#8221;#ffffff&#8221; border_style=&#8221;solid&#8221; auto_speed=&#8221;2000&#8243; custom_css_main_element=&#8221;-webkit-border-radius: 10px;||border-radius: 10px;&#8221;] [\/et_pb_gallery][\/et_pb_column][\/et_pb_row][\/et_pb_section]<\/p>\n","protected":false},"excerpt":{"rendered":"<p>[et_pb_section admin_label=&#8221;Sezione&#8221; fullwidth=&#8221;on&#8221; specialty=&#8221;off&#8221;][et_pb_fullwidth_header admin_label=&#8221;Intestazione a Larghezza Piena&#8221; title=&#8221;Notre soci\u00e9t\u00e9&#8221; background_layout=&#8221;dark&#8221; text_orientation=&#8221;left&#8221; header_fullscreen=&#8221;off&#8221; header_scroll_down=&#8221;off&#8221; parallax=&#8221;off&#8221; parallax_method=&#8221;off&#8221; content_orientation=&#8221;center&#8221; image_orientation=&#8221;center&#8221; custom_button_one=&#8221;off&#8221; button_one_letter_spacing=&#8221;0&#8243; button_one_use_icon=&#8221;default&#8221; button_one_icon_placement=&#8221;right&#8221; button_one_on_hover=&#8221;on&#8221; button_one_letter_spacing_hover=&#8221;0&#8243; custom_button_two=&#8221;off&#8221; button_two_letter_spacing=&#8221;0&#8243; button_two_use_icon=&#8221;default&#8221; button_two_icon_placement=&#8221;right&#8221; button_two_on_hover=&#8221;on&#8221; button_two_letter_spacing_hover=&#8221;0&#8243; background_url=&#8221;https:\/\/www.ri-me.it\/wp-content\/uploads\/2016\/02\/slide-06.jpg&#8221; background_overlay_color=&#8221;rgba(0,0,0,0.3)&#8221; title_font_size=&#8221;42&#8243;] [\/et_pb_fullwidth_header][\/et_pb_section][et_pb_section admin_label=&#8221;section&#8221; background_image=&#8221;https:\/\/www.ri-me.it\/wp-content\/uploads\/2016\/02\/16-azienda-ACCESSORI-MONTATI-SU-CINTURA.jpg&#8221; transparent_background=&#8221;off&#8221; allow_player_pause=&#8221;off&#8221; inner_shadow=&#8221;off&#8221; parallax=&#8221;on&#8221; parallax_method=&#8221;on&#8221; padding_mobile=&#8221;off&#8221; make_fullwidth=&#8221;off&#8221; use_custom_width=&#8221;off&#8221; width_unit=&#8221;on&#8221; make_equal=&#8221;off&#8221; use_custom_gutter=&#8221;off&#8221;][et_pb_row admin_label=&#8221;row&#8221; make_fullwidth=&#8221;off&#8221; use_custom_width=&#8221;off&#8221; width_unit=&#8221;on&#8221; use_custom_gutter=&#8221;off&#8221; padding_mobile=&#8221;off&#8221; background_color=&#8221;rgba(0,0,0,0.7)&#8221; allow_player_pause=&#8221;off&#8221; [&hellip;]<\/p>\n","protected":false},"author":6,"featured_media":0,"parent":0,"menu_order":0,"comment_status":"closed","ping_status":"closed","template":"","meta":{"_et_pb_use_builder":"on","_et_pb_old_content":"","footnotes":""},"class_list":["post-1452","page","type-page","status-publish","hentry"],"_links":{"self":[{"href":"https:\/\/www.ri-me.it\/fr\/wp-json\/wp\/v2\/pages\/1452","targetHints":{"allow":["GET"]}}],"collection":[{"href":"https:\/\/www.ri-me.it\/fr\/wp-json\/wp\/v2\/pages"}],"about":[{"href":"https:\/\/www.ri-me.it\/fr\/wp-json\/wp\/v2\/types\/page"}],"author":[{"embeddable":true,"href":"https:\/\/www.ri-me.it\/fr\/wp-json\/wp\/v2\/users\/6"}],"replies":[{"embeddable":true,"href":"https:\/\/www.ri-me.it\/fr\/wp-json\/wp\/v2\/comments?post=1452"}],"version-history":[{"count":1,"href":"https:\/\/www.ri-me.it\/fr\/wp-json\/wp\/v2\/pages\/1452\/revisions"}],"predecessor-version":[{"id":6682,"href":"https:\/\/www.ri-me.it\/fr\/wp-json\/wp\/v2\/pages\/1452\/revisions\/6682"}],"wp:attachment":[{"href":"https:\/\/www.ri-me.it\/fr\/wp-json\/wp\/v2\/media?parent=1452"}],"curies":[{"name":"wp","href":"https:\/\/api.w.org\/{rel}","templated":true}]}}