{"id":1479,"date":"2016-02-19T14:39:37","date_gmt":"2016-02-19T13:39:37","guid":{"rendered":"https:\/\/www.ri-me.it\/collezione-2008\/"},"modified":"2021-01-15T13:38:00","modified_gmt":"2021-01-15T12:38:00","slug":"collection-2008","status":"publish","type":"page","link":"https:\/\/www.ri-me.it\/fr\/collection-2008\/","title":{"rendered":"Collection 2008"},"content":{"rendered":"<p>[et_pb_section fb_built=&#8221;1&#8243; fullwidth=&#8221;on&#8221; _builder_version=&#8221;3.0.47&#8243;][et_pb_fullwidth_header title=&#8221;Collections Pass\u00e9es&#8221; subhead=&#8221;S\u00e9lection d&#8217;articles de collections pass\u00e9es&#8221; background_layout=&#8221;dark&#8221; background_overlay_color=&#8221;rgba(0,0,0,0.55)&#8221; _builder_version=&#8221;3.0.47&#8243; background_image=&#8221;https:\/\/www.ri-me.it\/wp-content\/uploads\/2016\/02\/Accessories.jpg&#8221; background_url=&#8221;https:\/\/www.ri-me.it\/wp-content\/uploads\/2016\/02\/Accessories.jpg&#8221; _i=&#8221;0&#8243; _address=&#8221;0.0&#8243;]<\/p>\n<p>[\/et_pb_fullwidth_header][\/et_pb_section][et_pb_section fb_built=&#8221;1&#8243; admin_label=&#8221;section&#8221; custom_padding_last_edited=&#8221;on|desktop&#8221; _builder_version=&#8221;3.0.47&#8243; background_image=&#8221;https:\/\/www.ri-me.it\/wp-content\/uploads\/2016\/02\/Artemis.jpg&#8221; custom_padding_tablet=&#8221;50px|0|50px|0&#8243; transparent_background=&#8221;off&#8221; padding_mobile=&#8221;off&#8221;][et_pb_row use_custom_gutter=&#8221;on&#8221; gutter_width=&#8221;1&#8243; column_padding_mobile=&#8221;on&#8221; padding_top_1=&#8221;20&#8243; padding_right_1=&#8221;5&#8243; padding_bottom_1=&#8221;20&#8243; padding_left_1=&#8221;5&#8243; admin_label=&#8221;row&#8221; _builder_version=&#8221;3.0.47&#8243; background_size=&#8221;initial&#8221; background_position=&#8221;top_left&#8221; background_repeat=&#8221;repeat&#8221; _i=&#8221;0&#8243; _address=&#8221;1.0&#8243; custom_padding=&#8221;27px|0px|5px|0px&#8221;][et_pb_column type=&#8221;4_4&#8243; _builder_version=&#8221;3.0.47&#8243; padding_bottom=&#8221;20&#8243; padding_left=&#8221;5&#8243; padding_right=&#8221;5&#8243; padding_top=&#8221;20&#8243; column_padding_mobile=&#8221;on&#8221; parallax=&#8221;off&#8221; parallax_method=&#8221;on&#8221;][et_pb_divider height=&#8221;30&#8243; disabled_on=&#8221;on|on|off&#8221; _builder_version=&#8221;3.0.47&#8243; hide_on_mobile=&#8221;on&#8221;]<\/p>\n<p>\u00a0<\/p>\n<p>[\/et_pb_divider][et_pb_text background_layout=&#8221;dark&#8221; _builder_version=&#8221;3.0.47&#8243; background_size=&#8221;initial&#8221; background_position=&#8221;top_left&#8221; background_repeat=&#8221;repeat&#8221; text_orientation=&#8221;center&#8221; module_alignment=&#8221;center&#8221; _i=&#8221;1&#8243; _address=&#8221;1.0.0.1&#8243;]<\/p>\n<h2>Collections jusqu&#8217;en 2008<\/h2>\n<p>&nbsp;<\/p>\n<div class=\"pb-wrap\">\n    <div class=\"wcp-loader\"><\/div>\n    <div><img decoding=\"async\" class=\"wcp-size-image\" style=\"display:none;\" src=\"https:\/\/www.ri-me.it\/wp-content\/uploads\/2016\/02\/xx-2008_0350.jpg\"><\/div>\n    <div class=\"flipbook\" id=\"83\">\n    <div><img decoding=\"async\" src=\"https:\/\/www.ri-me.it\/wp-content\/uploads\/2016\/02\/xx-2008_0350.jpg\"><\/div><div><img decoding=\"async\" src=\"https:\/\/www.ri-me.it\/wp-content\/uploads\/2016\/02\/xx-2008_0349.jpg\"><\/div><div><img decoding=\"async\" src=\"https:\/\/www.ri-me.it\/wp-content\/uploads\/2016\/02\/xx-2008_348.jpg\"><\/div><div><img decoding=\"async\" src=\"https:\/\/www.ri-me.it\/wp-content\/uploads\/2016\/02\/xx-2008_0347.jpg\"><\/div><div><img decoding=\"async\" src=\"https:\/\/www.ri-me.it\/wp-content\/uploads\/2016\/02\/xx-2008_0346.jpg\"><\/div><div><img decoding=\"async\" src=\"https:\/\/www.ri-me.it\/wp-content\/uploads\/2016\/02\/xx-2008_0343.jpg\"><\/div><div><img decoding=\"async\" src=\"https:\/\/www.ri-me.it\/wp-content\/uploads\/2016\/02\/xx-2008_0342.jpg\"><\/div><div><img decoding=\"async\" src=\"https:\/\/www.ri-me.it\/wp-content\/uploads\/2016\/02\/xx-2008_0080.png\"><\/div><div><img decoding=\"async\" src=\"https:\/\/www.ri-me.it\/wp-content\/uploads\/2016\/02\/xx-2008_0077.png\"><\/div><div><img decoding=\"async\" src=\"https:\/\/www.ri-me.it\/wp-content\/uploads\/2016\/02\/xx-2008_0071.png\"><\/div><div><img decoding=\"async\" src=\"https:\/\/www.ri-me.it\/wp-content\/uploads\/2016\/02\/xx-2008_0068.png\"><\/div><div><img decoding=\"async\" src=\"https:\/\/www.ri-me.it\/wp-content\/uploads\/2016\/02\/xx-2008_0067.png\"><\/div><div><img decoding=\"async\" src=\"https:\/\/www.ri-me.it\/wp-content\/uploads\/2016\/02\/xx-2008_0064.png\"><\/div><div><img decoding=\"async\" src=\"https:\/\/www.ri-me.it\/wp-content\/uploads\/2016\/02\/xx-2008_0050.png\"><\/div><div><img decoding=\"async\" src=\"https:\/\/www.ri-me.it\/wp-content\/uploads\/2016\/02\/xx-2008_0041.png\"><\/div><div><img decoding=\"async\" src=\"https:\/\/www.ri-me.it\/wp-content\/uploads\/2016\/02\/xx-2008_0038.png\"><\/div><div><img decoding=\"async\" src=\"https:\/\/www.ri-me.it\/wp-content\/uploads\/2016\/02\/xx-2008_0035.png\"><\/div><div><img decoding=\"async\" src=\"https:\/\/www.ri-me.it\/wp-content\/uploads\/2016\/02\/xx-2008_0034.png\"><\/div><div><img decoding=\"async\" src=\"https:\/\/www.ri-me.it\/wp-content\/uploads\/2016\/02\/xx-2008_0025.png\"><\/div><div><img decoding=\"async\" src=\"https:\/\/www.ri-me.it\/wp-content\/uploads\/2016\/02\/xx-2008_0022.png\"><\/div><div><img decoding=\"async\" src=\"https:\/\/www.ri-me.it\/wp-content\/uploads\/2016\/02\/xx-2008_18.jpg\"><\/div><div><img decoding=\"async\" src=\"https:\/\/www.ri-me.it\/wp-content\/uploads\/2016\/02\/xx-2008_0018.png\"><\/div><div><img decoding=\"async\" src=\"https:\/\/www.ri-me.it\/wp-content\/uploads\/2016\/02\/xx-2008_17.jpg\"><\/div><div><img decoding=\"async\" src=\"https:\/\/www.ri-me.it\/wp-content\/uploads\/2016\/02\/xx-2008_0017.png\"><\/div><div><img decoding=\"async\" src=\"https:\/\/www.ri-me.it\/wp-content\/uploads\/2016\/02\/xx-2008_16.jpg\"><\/div><div><img decoding=\"async\" src=\"https:\/\/www.ri-me.it\/wp-content\/uploads\/2016\/02\/xx-2008_0016.png\"><\/div><div><img decoding=\"async\" src=\"https:\/\/www.ri-me.it\/wp-content\/uploads\/2016\/02\/xx-2008_15.jpg\"><\/div><div><img decoding=\"async\" src=\"https:\/\/www.ri-me.it\/wp-content\/uploads\/2016\/02\/xx-2008_0015.png\"><\/div><div><img decoding=\"async\" src=\"https:\/\/www.ri-me.it\/wp-content\/uploads\/2016\/02\/xx-2008_14.jpg\"><\/div><div><img decoding=\"async\" src=\"https:\/\/www.ri-me.it\/wp-content\/uploads\/2016\/02\/xx-2008_13.jpg\"><\/div><div><img decoding=\"async\" src=\"https:\/\/www.ri-me.it\/wp-content\/uploads\/2016\/02\/xx-2008_0013.png\"><\/div><div><img decoding=\"async\" src=\"https:\/\/www.ri-me.it\/wp-content\/uploads\/2016\/02\/xx-2008_12.jpg\"><\/div><div><img decoding=\"async\" src=\"https:\/\/www.ri-me.it\/wp-content\/uploads\/2016\/02\/xx-2008_11.jpg\"><\/div><div><img decoding=\"async\" src=\"https:\/\/www.ri-me.it\/wp-content\/uploads\/2016\/02\/xx-2008_0011.png\"><\/div><div><img decoding=\"async\" src=\"https:\/\/www.ri-me.it\/wp-content\/uploads\/2016\/02\/xx-2008_10.jpg\"><\/div><div><img decoding=\"async\" src=\"https:\/\/www.ri-me.it\/wp-content\/uploads\/2016\/02\/xx-2008_0010.png\"><\/div><div><img decoding=\"async\" src=\"https:\/\/www.ri-me.it\/wp-content\/uploads\/2016\/02\/xx-2008_9.jpg\"><\/div><div><img decoding=\"async\" src=\"https:\/\/www.ri-me.it\/wp-content\/uploads\/2016\/02\/xx-2008_0009.png\"><\/div><div><img decoding=\"async\" src=\"https:\/\/www.ri-me.it\/wp-content\/uploads\/2016\/02\/xx-2008_8.jpg\"><\/div><div><img decoding=\"async\" src=\"https:\/\/www.ri-me.it\/wp-content\/uploads\/2016\/02\/xx-2008_7.jpg\"><\/div><div><img decoding=\"async\" src=\"https:\/\/www.ri-me.it\/wp-content\/uploads\/2016\/02\/xx-2008_0007.png\"><\/div><div><img decoding=\"async\" src=\"https:\/\/www.ri-me.it\/wp-content\/uploads\/2016\/02\/xx-2008_6.jpg\"><\/div><div><img decoding=\"async\" src=\"https:\/\/www.ri-me.it\/wp-content\/uploads\/2016\/02\/xx-2008_0005.png\"><\/div><div><img decoding=\"async\" src=\"https:\/\/www.ri-me.it\/wp-content\/uploads\/2016\/02\/xx-2008_0004.png\"><\/div><div><img decoding=\"async\" src=\"https:\/\/www.ri-me.it\/wp-content\/uploads\/2016\/02\/xx-2008_0351.jpg\"><\/div>    <\/div>\n<\/div>\n<p>[\/et_pb_text][et_pb_divider height=&#8221;30&#8243; disabled_on=&#8221;on|on|off&#8221; _builder_version=&#8221;3.0.47&#8243; hide_on_mobile=&#8221;on&#8221;]<\/p>\n<p>\u00a0<\/p>\n<p>[\/et_pb_divider][\/et_pb_column][\/et_pb_row][\/et_pb_section]<\/p>\n","protected":false},"excerpt":{"rendered":"<p>[et_pb_section fb_built=&#8221;1&#8243; fullwidth=&#8221;on&#8221; _builder_version=&#8221;3.0.47&#8243;][et_pb_fullwidth_header title=&#8221;Collections Pass\u00e9es&#8221; subhead=&#8221;S\u00e9lection d&#8217;articles de collections pass\u00e9es&#8221; background_layout=&#8221;dark&#8221; background_overlay_color=&#8221;rgba(0,0,0,0.55)&#8221; _builder_version=&#8221;3.0.47&#8243; background_image=&#8221;https:\/\/www.ri-me.it\/wp-content\/uploads\/2016\/02\/Accessories.jpg&#8221; background_url=&#8221;https:\/\/www.ri-me.it\/wp-content\/uploads\/2016\/02\/Accessories.jpg&#8221; _i=&#8221;0&#8243; _address=&#8221;0.0&#8243;] [\/et_pb_fullwidth_header][\/et_pb_section][et_pb_section fb_built=&#8221;1&#8243; admin_label=&#8221;section&#8221; custom_padding_last_edited=&#8221;on|desktop&#8221; _builder_version=&#8221;3.0.47&#8243; background_image=&#8221;https:\/\/www.ri-me.it\/wp-content\/uploads\/2016\/02\/Artemis.jpg&#8221; custom_padding_tablet=&#8221;50px|0|50px|0&#8243; transparent_background=&#8221;off&#8221; padding_mobile=&#8221;off&#8221;][et_pb_row use_custom_gutter=&#8221;on&#8221; gutter_width=&#8221;1&#8243; column_padding_mobile=&#8221;on&#8221; padding_top_1=&#8221;20&#8243; padding_right_1=&#8221;5&#8243; padding_bottom_1=&#8221;20&#8243; padding_left_1=&#8221;5&#8243; admin_label=&#8221;row&#8221; _builder_version=&#8221;3.0.47&#8243; background_size=&#8221;initial&#8221; background_position=&#8221;top_left&#8221; background_repeat=&#8221;repeat&#8221; _i=&#8221;0&#8243; _address=&#8221;1.0&#8243; custom_padding=&#8221;27px|0px|5px|0px&#8221;][et_pb_column type=&#8221;4_4&#8243; _builder_version=&#8221;3.0.47&#8243; padding_bottom=&#8221;20&#8243; padding_left=&#8221;5&#8243; padding_right=&#8221;5&#8243; padding_top=&#8221;20&#8243; column_padding_mobile=&#8221;on&#8221; parallax=&#8221;off&#8221; parallax_method=&#8221;on&#8221;][et_pb_divider height=&#8221;30&#8243; disabled_on=&#8221;on|on|off&#8221; _builder_version=&#8221;3.0.47&#8243; hide_on_mobile=&#8221;on&#8221;] [&hellip;]<\/p>\n","protected":false},"author":6,"featured_media":0,"parent":0,"menu_order":0,"comment_status":"closed","ping_status":"closed","template":"","meta":{"_et_pb_use_builder":"on","_et_pb_old_content":"","footnotes":""},"class_list":["post-1479","page","type-page","status-publish","hentry"],"_links":{"self":[{"href":"https:\/\/www.ri-me.it\/fr\/wp-json\/wp\/v2\/pages\/1479","targetHints":{"allow":["GET"]}}],"collection":[{"href":"https:\/\/www.ri-me.it\/fr\/wp-json\/wp\/v2\/pages"}],"about":[{"href":"https:\/\/www.ri-me.it\/fr\/wp-json\/wp\/v2\/types\/page"}],"author":[{"embeddable":true,"href":"https:\/\/www.ri-me.it\/fr\/wp-json\/wp\/v2\/users\/6"}],"replies":[{"embeddable":true,"href":"https:\/\/www.ri-me.it\/fr\/wp-json\/wp\/v2\/comments?post=1479"}],"version-history":[{"count":0,"href":"https:\/\/www.ri-me.it\/fr\/wp-json\/wp\/v2\/pages\/1479\/revisions"}],"wp:attachment":[{"href":"https:\/\/www.ri-me.it\/fr\/wp-json\/wp\/v2\/media?parent=1479"}],"curies":[{"name":"wp","href":"https:\/\/api.w.org\/{rel}","templated":true}]}}