{"id":1481,"date":"2016-02-15T17:32:14","date_gmt":"2016-02-15T16:32:14","guid":{"rendered":"https:\/\/www.ri-me.it\/contatti\/"},"modified":"2023-10-06T11:54:09","modified_gmt":"2023-10-06T09:54:09","slug":"contacts","status":"publish","type":"page","link":"https:\/\/www.ri-me.it\/fr\/contacts\/","title":{"rendered":"Contacts"},"content":{"rendered":"<p>[et_pb_section admin_label=&#8221;Sezione&#8221; fullwidth=&#8221;on&#8221; specialty=&#8221;off&#8221;][et_pb_fullwidth_map admin_label=&#8221;Map a Larghezza Piena&#8221; zoom_level=&#8221;11&#8243; address_lat=&#8221;43.83149894732385&#8243; address_lng=&#8221;11.201512664215118&#8243; mouse_wheel=&#8221;off&#8221;]<\/p>\n<p>[et_pb_map_pin pin_address=&#8221;Via Francesco Petrarca, 37, 50041 Calenzano FI, Italia&#8221; pin_address_lat=&#8221;43.861435417727535&#8243; pin_address_lng=&#8221;11.175307482139601&#8243;]<\/p>\n<h1><strong>RI-<span style=\"color: #339966;\">ME <\/span>s.a.s <\/strong><\/h1>\n<h2>di Mauro e Silvia Paoli &amp; C.<\/h2>\n<p>Via Petrarca n\u00b0 35\/C<br \/>\n50041 Calenzano (FI) Italia<\/p>\n<p><a href=\"tel:0558825515\"><span id=\"et-info-phone\">+39 055 8825515<\/span><\/a><br \/>\n<a href=\"tel:0558825516\"><span id=\"et-info-phone\">+39 055 8825516<\/span><\/a><br \/>\n<a href=\"tel:0558825517\"><span id=\"et-info-phone\">+39 055 8825517<\/span><\/a><br \/>\nFax: +39 055 8825518<\/p>\n<p>[\/et_pb_map_pin]<\/p>\n<p>[\/et_pb_fullwidth_map][\/et_pb_section][et_pb_section admin_label=&#8221;section&#8221; background_image=&#8221;https:\/\/www.ri-me.it\/wp-content\/uploads\/2016\/02\/slide-02.jpg&#8221; transparent_background=&#8221;off&#8221; allow_player_pause=&#8221;off&#8221; inner_shadow=&#8221;off&#8221; parallax=&#8221;on&#8221; parallax_method=&#8221;on&#8221; padding_mobile=&#8221;off&#8221; make_fullwidth=&#8221;off&#8221; use_custom_width=&#8221;off&#8221; width_unit=&#8221;on&#8221; make_equal=&#8221;off&#8221; use_custom_gutter=&#8221;off&#8221;][et_pb_row admin_label=&#8221;row&#8221; make_fullwidth=&#8221;off&#8221; use_custom_width=&#8221;off&#8221; width_unit=&#8221;on&#8221; use_custom_gutter=&#8221;off&#8221; padding_mobile=&#8221;off&#8221; background_color=&#8221;rgba(0,0,0,0.8)&#8221; allow_player_pause=&#8221;off&#8221; parallax=&#8221;off&#8221; parallax_method=&#8221;off&#8221; make_equal=&#8221;off&#8221; padding_top_1=&#8221;20&#8243; padding_right_1=&#8221;10&#8243; padding_bottom_1=&#8221;20&#8243; padding_left_1=&#8221;20&#8243; padding_top_2=&#8221;20&#8243; padding_right_2=&#8221;20&#8243; padding_bottom_2=&#8221;20&#8243; padding_left_2=&#8221;10&#8243; column_padding_mobile=&#8221;on&#8221; custom_css_main_element=&#8221;-webkit-border-radius: 10px;||border-radius: 10px;&#8221;][et_pb_column type=&#8221;1_2&#8243;][et_pb_contact_form admin_label=&#8221;Modulo di Contatto&#8221; captcha=&#8221;on&#8221; email=&#8221;mauro@ri-me.it&#8221; title=&#8221;Contactez nous&#8221; use_border_color=&#8221;off&#8221; border_color=&#8221;#ffffff&#8221; border_style=&#8221;solid&#8221; custom_button=&#8221;off&#8221; button_letter_spacing=&#8221;0&#8243; button_use_icon=&#8221;default&#8221; button_icon_placement=&#8221;right&#8221; button_on_hover=&#8221;on&#8221; button_letter_spacing_hover=&#8221;0&#8243; form_background_color=&#8221;rgba(68,221,181,0.8)&#8221; input_border_radius=&#8221;5&#8243; title_text_color=&#8221;#ffffff&#8221; form_field_text_color=&#8221;#000000&#8243;]<\/p>\n<p>[\/et_pb_contact_form][\/et_pb_column][et_pb_column type=&#8221;1_2&#8243;][et_pb_text admin_label=&#8221;Testo&#8221; background_layout=&#8221;dark&#8221; text_orientation=&#8221;left&#8221; use_border_color=&#8221;off&#8221; border_color=&#8221;#ffffff&#8221; border_style=&#8221;solid&#8221;]<\/p>\n<h1><strong>RI<span style=\"color: #339966;\">ME <\/span>s.a.s <\/strong><\/h1>\n<h2>di Mauro e Silvia Paoli &amp; C.<\/h2>\n<p>Via Petrarca n\u00b0 35\/C<br \/>\n50041 Calenzano (FI) Italia<\/p>\n<p><a href=\"tel:0558825515\"><span id=\"et-info-phone\">+39 055 8825515<\/span><\/a><br \/>\n<a href=\"tel:0558825516\"><span id=\"et-info-phone\">+39 055 8825516<\/span><\/a><br \/>\n<a href=\"tel:0558825517\"><span id=\"et-info-phone\">+39 055 8825517<\/span><\/a><br \/>\nFax: +39 055 8825518<\/p>\n<h3>RI-<span style=\"color: #339966;\">ME<\/span><\/h3>\n<p>Boucles et accessoires de mode pour des articles en cuir et les v\u00eatements, les pi\u00e8ces m\u00e9talliques et diff\u00e9rents types d\u2019\u00e9l\u00e9ments. Entrez en contact avec nous.<\/p>\n<p>[\/et_pb_text][\/et_pb_column][\/et_pb_row][\/et_pb_section]<\/p>\n","protected":false},"excerpt":{"rendered":"<p>[et_pb_section admin_label=&#8221;Sezione&#8221; fullwidth=&#8221;on&#8221; specialty=&#8221;off&#8221;][et_pb_fullwidth_map admin_label=&#8221;Map a Larghezza Piena&#8221; zoom_level=&#8221;11&#8243; address_lat=&#8221;43.83149894732385&#8243; address_lng=&#8221;11.201512664215118&#8243; mouse_wheel=&#8221;off&#8221;] [et_pb_map_pin pin_address=&#8221;Via Francesco Petrarca, 37, 50041 Calenzano FI, Italia&#8221; pin_address_lat=&#8221;43.861435417727535&#8243; pin_address_lng=&#8221;11.175307482139601&#8243;] RI-ME s.a.s di Mauro e Silvia Paoli &amp; C. Via Petrarca n\u00b0 35\/C 50041 Calenzano (FI) Italia +39 055 8825515 +39 055 8825516 +39 055 8825517 Fax: +39 055 8825518 [\/et_pb_map_pin] [\/et_pb_fullwidth_map][\/et_pb_section][et_pb_section [&hellip;]<\/p>\n","protected":false},"author":6,"featured_media":0,"parent":0,"menu_order":0,"comment_status":"closed","ping_status":"closed","template":"","meta":{"_et_pb_use_builder":"on","_et_pb_old_content":"","footnotes":""},"class_list":["post-1481","page","type-page","status-publish","hentry"],"_links":{"self":[{"href":"https:\/\/www.ri-me.it\/fr\/wp-json\/wp\/v2\/pages\/1481","targetHints":{"allow":["GET"]}}],"collection":[{"href":"https:\/\/www.ri-me.it\/fr\/wp-json\/wp\/v2\/pages"}],"about":[{"href":"https:\/\/www.ri-me.it\/fr\/wp-json\/wp\/v2\/types\/page"}],"author":[{"embeddable":true,"href":"https:\/\/www.ri-me.it\/fr\/wp-json\/wp\/v2\/users\/6"}],"replies":[{"embeddable":true,"href":"https:\/\/www.ri-me.it\/fr\/wp-json\/wp\/v2\/comments?post=1481"}],"version-history":[{"count":3,"href":"https:\/\/www.ri-me.it\/fr\/wp-json\/wp\/v2\/pages\/1481\/revisions"}],"predecessor-version":[{"id":6384,"href":"https:\/\/www.ri-me.it\/fr\/wp-json\/wp\/v2\/pages\/1481\/revisions\/6384"}],"wp:attachment":[{"href":"https:\/\/www.ri-me.it\/fr\/wp-json\/wp\/v2\/media?parent=1481"}],"curies":[{"name":"wp","href":"https:\/\/api.w.org\/{rel}","templated":true}]}}