{"id":1503,"date":"2018-06-20T10:03:11","date_gmt":"2018-06-20T08:03:11","guid":{"rendered":"https:\/\/www.ri-me.it\/expositions\/"},"modified":"2024-06-25T08:54:55","modified_gmt":"2024-06-25T06:54:55","slug":"expositions","status":"publish","type":"page","link":"https:\/\/www.ri-me.it\/fr\/expositions\/","title":{"rendered":"Expositions"},"content":{"rendered":"<p>[et_pb_section fb_built=&#8221;1&#8243; fullwidth=&#8221;on&#8221; _builder_version=&#8221;3.22&#8243;][et_pb_fullwidth_header title=&#8221;Manifestations et foires&#8221; _builder_version=&#8221;3.16&#8243; title_font_size=&#8221;45&#8243; background_color=&#8221;rgba(255, 255, 255, 0)&#8221; background_image=&#8221;https:\/\/www.ri-me.it\/wp-content\/uploads\/2016\/02\/bg_fiere-2.jpg&#8221; custom_css_main_element=&#8221;height:450px;&#8221; background_url=&#8221;https:\/\/www.ri-me.it\/wp-content\/uploads\/2016\/02\/bg_fiere-2.jpg&#8221; button_one_text_size__hover_enabled=&#8221;off&#8221; button_two_text_size__hover_enabled=&#8221;off&#8221; button_one_text_color__hover_enabled=&#8221;off&#8221; button_two_text_color__hover_enabled=&#8221;off&#8221; button_one_border_width__hover_enabled=&#8221;off&#8221; button_two_border_width__hover_enabled=&#8221;off&#8221; button_one_border_color__hover_enabled=&#8221;off&#8221; button_two_border_color__hover_enabled=&#8221;off&#8221; button_one_border_radius__hover_enabled=&#8221;off&#8221; button_two_border_radius__hover_enabled=&#8221;off&#8221; button_one_letter_spacing__hover_enabled=&#8221;off&#8221; button_two_letter_spacing__hover_enabled=&#8221;off&#8221; button_one_bg_color__hover_enabled=&#8221;off&#8221; button_two_bg_color__hover_enabled=&#8221;off&#8221;][\/et_pb_fullwidth_header][\/et_pb_section][et_pb_section fb_built=&#8221;1&#8243; admin_label=&#8221;section&#8221; _builder_version=&#8221;3.22&#8243; custom_padding=&#8221;||274px|||&#8221;][et_pb_row padding_mobile=&#8221;off&#8221; column_padding_mobile=&#8221;on&#8221; admin_label=&#8221;row&#8221; _builder_version=&#8221;3.22&#8243; background_size=&#8221;initial&#8221; background_position=&#8221;top_left&#8221; background_repeat=&#8221;repeat&#8221;][et_pb_column type=&#8221;1_2&#8243; _builder_version=&#8221;3.0.47&#8243;][et_pb_text _builder_version=&#8221;3.0.75&#8243; background_size=&#8221;initial&#8221; background_position=&#8221;top_left&#8221; background_repeat=&#8221;repeat&#8221; module_alignment=&#8221;left&#8221; min_height=&#8221;505.6px&#8221; custom_margin=&#8221;||87px|||&#8221; custom_padding=&#8221;12px||10px|||&#8221;]<\/p>\n<p>Nous informons tous nos clients que, malheureusement, les derni\u00e8res participations aux salons internationaux n&#8217;ont pas apport\u00e9 le b\u00e9n\u00e9fice desir\u00e8. Pour cette raison la Direction RI-ME a d\u00e9cid\u00e9, pour l&#8217;ann\u00e9e 2024, de ne pas participer aux prochains \u00e9v\u00e9nements, mais d&#8217;organiser des rendez-vous priv\u00e9s, m\u00eame sur demande directe, avec nos clients.<\/p>\n<p>Nous tenons \u00e0 vous informer que dans les premiers 10 jours de septembre 2024, nous serons \u00e0 Paris, o\u00f9 nous aurons des rendez-vous avec nos clients pour pr\u00e9senter la nouvelle collection.<\/p>\n<p>Pour ceux qui ne sont pas encore nos clients, mais qui veulent le devenir, ils peuvent envoyer la demande par e-mail: info@ri-me.it.<br \/>\nOn sera bien heureux de conna\u00eetre et d&#8217;explorer de nouvelles opportunit\u00e9s commerciales.<\/p>\n<p>RI-ME SAS<\/p>\n<p>[\/et_pb_text][et_pb_text _builder_version=&#8221;3.0.75&#8243; background_size=&#8221;initial&#8221; background_position=&#8221;top_left&#8221; background_repeat=&#8221;repeat&#8221; module_alignment=&#8221;left&#8221; min_height=&#8221;505.6px&#8221; custom_margin=&#8221;||87px|||&#8221; custom_padding=&#8221;12px||10px|||&#8221;]<\/p>\n<p>[\/et_pb_text][\/et_pb_column][et_pb_column type=&#8221;1_2&#8243; _builder_version=&#8221;3.0.47&#8243;][et_pb_image src=_builder_version=&#8221;3.22.2&#8243; width=&#8221;100%&#8221; custom_margin=&#8221;|79px||||&#8221;][\/et_pb_image]<\/p>\n<p>[\/et_pb_column][\/et_pb_row][\/et_pb_section][et_pb_section fb_built=&#8221;1&#8243; _builder_version=&#8221;3.22.2&#8243;][et_pb_row _builder_version=&#8221;3.22.2&#8243; width=&#8221;19.6%&#8221;][et_pb_column type=&#8221;4_4&#8243; _builder_version=&#8221;3.22.2&#8243;][\/et_pb_column][\/et_pb_row][\/et_pb_section][et_pb_section fb_built=&#8221;1&#8243; _builder_version=&#8221;3.22.2&#8243;][et_pb_row custom_margin=&#8221;|299px||auto||&#8221; _builder_version=&#8221;3.22.2&#8243; width=&#8221;38.8%&#8221; min_height=&#8221;894px&#8221;][et_pb_column type=&#8221;4_4&#8243; _builder_version=&#8221;3.22.2&#8243;][\/et_pb_column][\/et_pb_row][\/et_pb_section]<\/p>\n","protected":false},"excerpt":{"rendered":"<p>[et_pb_section fb_built=&#8221;1&#8243; fullwidth=&#8221;on&#8221; _builder_version=&#8221;3.22&#8243;][et_pb_fullwidth_header title=&#8221;Manifestations et foires&#8221; _builder_version=&#8221;3.16&#8243; title_font_size=&#8221;45&#8243; background_color=&#8221;rgba(255, 255, 255, 0)&#8221; background_image=&#8221;https:\/\/www.ri-me.it\/wp-content\/uploads\/2016\/02\/bg_fiere-2.jpg&#8221; custom_css_main_element=&#8221;height:450px;&#8221; background_url=&#8221;https:\/\/www.ri-me.it\/wp-content\/uploads\/2016\/02\/bg_fiere-2.jpg&#8221; button_one_text_size__hover_enabled=&#8221;off&#8221; button_two_text_size__hover_enabled=&#8221;off&#8221; button_one_text_color__hover_enabled=&#8221;off&#8221; button_two_text_color__hover_enabled=&#8221;off&#8221; button_one_border_width__hover_enabled=&#8221;off&#8221; button_two_border_width__hover_enabled=&#8221;off&#8221; button_one_border_color__hover_enabled=&#8221;off&#8221; button_two_border_color__hover_enabled=&#8221;off&#8221; button_one_border_radius__hover_enabled=&#8221;off&#8221; button_two_border_radius__hover_enabled=&#8221;off&#8221; button_one_letter_spacing__hover_enabled=&#8221;off&#8221; button_two_letter_spacing__hover_enabled=&#8221;off&#8221; button_one_bg_color__hover_enabled=&#8221;off&#8221; button_two_bg_color__hover_enabled=&#8221;off&#8221;][\/et_pb_fullwidth_header][\/et_pb_section][et_pb_section fb_built=&#8221;1&#8243; admin_label=&#8221;section&#8221; _builder_version=&#8221;3.22&#8243; custom_padding=&#8221;||274px|||&#8221;][et_pb_row padding_mobile=&#8221;off&#8221; column_padding_mobile=&#8221;on&#8221; admin_label=&#8221;row&#8221; _builder_version=&#8221;3.22&#8243; background_size=&#8221;initial&#8221; background_position=&#8221;top_left&#8221; background_repeat=&#8221;repeat&#8221;][et_pb_column type=&#8221;1_2&#8243; _builder_version=&#8221;3.0.47&#8243;][et_pb_text _builder_version=&#8221;3.0.75&#8243; background_size=&#8221;initial&#8221; background_position=&#8221;top_left&#8221; background_repeat=&#8221;repeat&#8221; module_alignment=&#8221;left&#8221; min_height=&#8221;505.6px&#8221; custom_margin=&#8221;||87px|||&#8221; custom_padding=&#8221;12px||10px|||&#8221;] Nous informons tous nos [&hellip;]<\/p>\n","protected":false},"author":6,"featured_media":0,"parent":0,"menu_order":0,"comment_status":"closed","ping_status":"closed","template":"","meta":{"_et_pb_use_builder":"on","_et_pb_old_content":"","footnotes":""},"class_list":["post-1503","page","type-page","status-publish","hentry"],"_links":{"self":[{"href":"https:\/\/www.ri-me.it\/fr\/wp-json\/wp\/v2\/pages\/1503","targetHints":{"allow":["GET"]}}],"collection":[{"href":"https:\/\/www.ri-me.it\/fr\/wp-json\/wp\/v2\/pages"}],"about":[{"href":"https:\/\/www.ri-me.it\/fr\/wp-json\/wp\/v2\/types\/page"}],"author":[{"embeddable":true,"href":"https:\/\/www.ri-me.it\/fr\/wp-json\/wp\/v2\/users\/6"}],"replies":[{"embeddable":true,"href":"https:\/\/www.ri-me.it\/fr\/wp-json\/wp\/v2\/comments?post=1503"}],"version-history":[{"count":60,"href":"https:\/\/www.ri-me.it\/fr\/wp-json\/wp\/v2\/pages\/1503\/revisions"}],"predecessor-version":[{"id":6596,"href":"https:\/\/www.ri-me.it\/fr\/wp-json\/wp\/v2\/pages\/1503\/revisions\/6596"}],"wp:attachment":[{"href":"https:\/\/www.ri-me.it\/fr\/wp-json\/wp\/v2\/media?parent=1503"}],"curies":[{"name":"wp","href":"https:\/\/api.w.org\/{rel}","templated":true}]}}