{"id":1559,"date":"2018-06-20T13:32:09","date_gmt":"2018-06-20T11:32:09","guid":{"rendered":"https:\/\/www.ri-me.it\/collection-2009-2013\/"},"modified":"2021-01-15T13:37:07","modified_gmt":"2021-01-15T12:37:07","slug":"collection-2009-2013","status":"publish","type":"page","link":"https:\/\/www.ri-me.it\/fr\/collection-2009-2013\/","title":{"rendered":"Collection 2009\/2013"},"content":{"rendered":"<p>[et_pb_section fb_built=&#8221;1&#8243; fullwidth=&#8221;on&#8221; _builder_version=&#8221;3.0.47&#8243;][et_pb_fullwidth_header title=&#8221;Collections Pass\u00e8es&#8221; subhead=&#8221;S\u00e9lection d&#8217;articles de collections pass\u00e9es&#8221; background_layout=&#8221;dark&#8221; background_overlay_color=&#8221;rgba(0,0,0,0.55)&#8221; _builder_version=&#8221;3.0.75&#8243; background_image=&#8221;https:\/\/www.ri-me.it\/wp-content\/uploads\/2016\/02\/Accessories.jpg&#8221; background_url=&#8221;https:\/\/www.ri-me.it\/wp-content\/uploads\/2016\/02\/Accessories.jpg&#8221;]<\/p>\n<p>\u00a0<\/p>\n<p>[\/et_pb_fullwidth_header][\/et_pb_section][et_pb_section fb_built=&#8221;1&#8243; admin_label=&#8221;section&#8221; custom_padding_last_edited=&#8221;on|desktop&#8221; _builder_version=&#8221;3.0.47&#8243; background_image=&#8221;https:\/\/www.ri-me.it\/wp-content\/uploads\/2016\/02\/Artemis.jpg&#8221; parallax=&#8221;on&#8221; custom_padding_tablet=&#8221;50px|0|50px|0&#8243; transparent_background=&#8221;off&#8221; padding_mobile=&#8221;off&#8221;][et_pb_row use_custom_gutter=&#8221;on&#8221; gutter_width=&#8221;1&#8243; padding_mobile=&#8221;off&#8221; column_padding_mobile=&#8221;on&#8221; padding_top_1=&#8221;20&#8243; padding_right_1=&#8221;5&#8243; padding_bottom_1=&#8221;20&#8243; padding_left_1=&#8221;5&#8243; admin_label=&#8221;row&#8221; _builder_version=&#8221;3.0.47&#8243; background_size=&#8221;initial&#8221; background_position=&#8221;top_left&#8221; background_repeat=&#8221;repeat&#8221; _i=&#8221;0&#8243; _address=&#8221;1.0&#8243;][et_pb_column type=&#8221;4_4&#8243; _builder_version=&#8221;3.0.47&#8243; padding_bottom=&#8221;20&#8243; padding_left=&#8221;5&#8243; padding_right=&#8221;5&#8243; padding_top=&#8221;20&#8243; column_padding_mobile=&#8221;on&#8221; parallax=&#8221;off&#8221; parallax_method=&#8221;on&#8221;][et_pb_divider height=&#8221;30&#8243; disabled_on=&#8221;on|on|off&#8221; _builder_version=&#8221;3.0.47&#8243; hide_on_mobile=&#8221;on&#8221;]<\/p>\n<p>\u00a0<\/p>\n<p>[\/et_pb_divider][et_pb_text background_layout=&#8221;dark&#8221; _builder_version=&#8221;3.0.47&#8243; background_size=&#8221;initial&#8221; background_position=&#8221;top_left&#8221; background_repeat=&#8221;repeat&#8221; module_alignment=&#8221;left&#8221; _i=&#8221;1&#8243; _address=&#8221;1.0.0.1&#8243;]<\/p>\n<h2>Collections 2009\/2013<\/h2>\n<p>&nbsp;<\/p>\n<div class=\"pb-wrap\">\n    <div class=\"wcp-loader\"><\/div>\n    <div><img decoding=\"async\" class=\"wcp-size-image\" style=\"display:none;\" src=\"https:\/\/www.ri-me.it\/wp-content\/uploads\/2016\/02\/2009-2013_466.jpg\"><\/div>\n    <div class=\"flipbook\" id=\"133\">\n    <div><img decoding=\"async\" src=\"https:\/\/www.ri-me.it\/wp-content\/uploads\/2016\/02\/2009-2013_466.jpg\"><\/div><div><img decoding=\"async\" src=\"https:\/\/www.ri-me.it\/wp-content\/uploads\/2016\/02\/2009-2013_465.jpg\"><\/div><div><img decoding=\"async\" src=\"https:\/\/www.ri-me.it\/wp-content\/uploads\/2016\/02\/2009-2013_464.jpg\"><\/div><div><img decoding=\"async\" src=\"https:\/\/www.ri-me.it\/wp-content\/uploads\/2016\/02\/2009-2013_463.jpg\"><\/div><div><img decoding=\"async\" src=\"https:\/\/www.ri-me.it\/wp-content\/uploads\/2016\/02\/2009-2013_462.jpg\"><\/div><div><img decoding=\"async\" src=\"https:\/\/www.ri-me.it\/wp-content\/uploads\/2016\/02\/2009-2013_461.jpg\"><\/div><div><img decoding=\"async\" src=\"https:\/\/www.ri-me.it\/wp-content\/uploads\/2016\/02\/2009-2013_460.jpg\"><\/div><div><img decoding=\"async\" src=\"https:\/\/www.ri-me.it\/wp-content\/uploads\/2016\/02\/2009-2013_459.jpg\"><\/div><div><img decoding=\"async\" src=\"https:\/\/www.ri-me.it\/wp-content\/uploads\/2016\/02\/2009-2013_458.jpg\"><\/div><div><img decoding=\"async\" src=\"https:\/\/www.ri-me.it\/wp-content\/uploads\/2016\/02\/2009-2013_457.jpg\"><\/div><div><img decoding=\"async\" src=\"https:\/\/www.ri-me.it\/wp-content\/uploads\/2016\/02\/2009-2013_456.jpg\"><\/div><div><img decoding=\"async\" src=\"https:\/\/www.ri-me.it\/wp-content\/uploads\/2016\/02\/2009-2013_455.jpg\"><\/div><div><img decoding=\"async\" src=\"https:\/\/www.ri-me.it\/wp-content\/uploads\/2016\/02\/2009-2013_454.jpg\"><\/div><div><img decoding=\"async\" src=\"https:\/\/www.ri-me.it\/wp-content\/uploads\/2016\/02\/2009-2013_453.jpg\"><\/div><div><img decoding=\"async\" src=\"https:\/\/www.ri-me.it\/wp-content\/uploads\/2016\/02\/2009-2013_452.jpg\"><\/div><div><img decoding=\"async\" src=\"https:\/\/www.ri-me.it\/wp-content\/uploads\/2016\/02\/2009-2013_451.jpg\"><\/div><div><img decoding=\"async\" src=\"https:\/\/www.ri-me.it\/wp-content\/uploads\/2016\/02\/2009-2013_450.jpg\"><\/div><div><img decoding=\"async\" src=\"https:\/\/www.ri-me.it\/wp-content\/uploads\/2016\/02\/2009-2013_449.jpg\"><\/div><div><img decoding=\"async\" src=\"https:\/\/www.ri-me.it\/wp-content\/uploads\/2016\/02\/2009-2013_448.jpg\"><\/div><div><img decoding=\"async\" src=\"https:\/\/www.ri-me.it\/wp-content\/uploads\/2016\/02\/2009-2013_447.jpg\"><\/div><div><img decoding=\"async\" src=\"https:\/\/www.ri-me.it\/wp-content\/uploads\/2016\/02\/2009-2013_446.jpg\"><\/div><div><img decoding=\"async\" src=\"https:\/\/www.ri-me.it\/wp-content\/uploads\/2016\/02\/2009-2013_445.jpg\"><\/div><div><img decoding=\"async\" src=\"https:\/\/www.ri-me.it\/wp-content\/uploads\/2016\/02\/2009-2013_444.jpg\"><\/div><div><img decoding=\"async\" src=\"https:\/\/www.ri-me.it\/wp-content\/uploads\/2016\/02\/2009-2013_443.jpg\"><\/div><div><img decoding=\"async\" src=\"https:\/\/www.ri-me.it\/wp-content\/uploads\/2016\/02\/2009-2013_442.jpg\"><\/div><div><img decoding=\"async\" src=\"https:\/\/www.ri-me.it\/wp-content\/uploads\/2016\/02\/2009-2013_441.jpg\"><\/div><div><img decoding=\"async\" src=\"https:\/\/www.ri-me.it\/wp-content\/uploads\/2016\/02\/2009-2013_440.jpg\"><\/div><div><img decoding=\"async\" src=\"https:\/\/www.ri-me.it\/wp-content\/uploads\/2016\/02\/2009-2013_439.jpg\"><\/div><div><img decoding=\"async\" src=\"https:\/\/www.ri-me.it\/wp-content\/uploads\/2016\/02\/2009-2013_438.jpg\"><\/div><div><img decoding=\"async\" src=\"https:\/\/www.ri-me.it\/wp-content\/uploads\/2016\/02\/2009-2013_437.jpg\"><\/div><div><img decoding=\"async\" src=\"https:\/\/www.ri-me.it\/wp-content\/uploads\/2016\/02\/2009-2013_436.jpg\"><\/div><div><img decoding=\"async\" src=\"https:\/\/www.ri-me.it\/wp-content\/uploads\/2016\/02\/2009-2013_435.jpg\"><\/div><div><img decoding=\"async\" src=\"https:\/\/www.ri-me.it\/wp-content\/uploads\/2016\/02\/2009-2013_434.jpg\"><\/div><div><img decoding=\"async\" src=\"https:\/\/www.ri-me.it\/wp-content\/uploads\/2016\/02\/2009-2013_433.jpg\"><\/div><div><img decoding=\"async\" src=\"https:\/\/www.ri-me.it\/wp-content\/uploads\/2016\/02\/2009-2013_432.jpg\"><\/div><div><img decoding=\"async\" src=\"https:\/\/www.ri-me.it\/wp-content\/uploads\/2016\/02\/2009-2013_431.jpg\"><\/div><div><img decoding=\"async\" src=\"https:\/\/www.ri-me.it\/wp-content\/uploads\/2016\/02\/2009-2013_430.jpg\"><\/div><div><img decoding=\"async\" src=\"https:\/\/www.ri-me.it\/wp-content\/uploads\/2016\/02\/2009-2013_429.jpg\"><\/div><div><img decoding=\"async\" src=\"https:\/\/www.ri-me.it\/wp-content\/uploads\/2016\/02\/2009-2013_428.jpg\"><\/div><div><img decoding=\"async\" src=\"https:\/\/www.ri-me.it\/wp-content\/uploads\/2016\/02\/2009-2013_427.jpg\"><\/div><div><img decoding=\"async\" src=\"https:\/\/www.ri-me.it\/wp-content\/uploads\/2016\/02\/2009-2013_426.jpg\"><\/div><div><img decoding=\"async\" src=\"https:\/\/www.ri-me.it\/wp-content\/uploads\/2016\/02\/2009-2013_425.jpg\"><\/div><div><img decoding=\"async\" src=\"https:\/\/www.ri-me.it\/wp-content\/uploads\/2016\/02\/2009-2013_424.jpg\"><\/div><div><img decoding=\"async\" src=\"https:\/\/www.ri-me.it\/wp-content\/uploads\/2016\/02\/2009-2013_423.jpg\"><\/div><div><img decoding=\"async\" src=\"https:\/\/www.ri-me.it\/wp-content\/uploads\/2016\/02\/2009-2013_422.jpg\"><\/div><div><img decoding=\"async\" src=\"https:\/\/www.ri-me.it\/wp-content\/uploads\/2016\/02\/2009-2013_421.jpg\"><\/div><div><img decoding=\"async\" src=\"https:\/\/www.ri-me.it\/wp-content\/uploads\/2016\/02\/2009-2013_420.jpg\"><\/div><div><img decoding=\"async\" src=\"https:\/\/www.ri-me.it\/wp-content\/uploads\/2016\/02\/2009-2013_419.jpg\"><\/div><div><img decoding=\"async\" src=\"https:\/\/www.ri-me.it\/wp-content\/uploads\/2016\/02\/2009-2013_418.jpg\"><\/div><div><img decoding=\"async\" src=\"https:\/\/www.ri-me.it\/wp-content\/uploads\/2016\/02\/2009-2013_417.jpg\"><\/div><div><img decoding=\"async\" src=\"https:\/\/www.ri-me.it\/wp-content\/uploads\/2016\/02\/2009-2013_416.jpg\"><\/div><div><img decoding=\"async\" src=\"https:\/\/www.ri-me.it\/wp-content\/uploads\/2016\/02\/2009-2013_414.jpg\"><\/div><div><img decoding=\"async\" src=\"https:\/\/www.ri-me.it\/wp-content\/uploads\/2016\/02\/2009-2013_413.jpg\"><\/div><div><img decoding=\"async\" src=\"https:\/\/www.ri-me.it\/wp-content\/uploads\/2016\/02\/2009-2013_412.jpg\"><\/div><div><img decoding=\"async\" src=\"https:\/\/www.ri-me.it\/wp-content\/uploads\/2016\/02\/2009-2013_411.jpg\"><\/div><div><img decoding=\"async\" src=\"https:\/\/www.ri-me.it\/wp-content\/uploads\/2016\/02\/2009-2013_410.jpg\"><\/div><div><img decoding=\"async\" src=\"https:\/\/www.ri-me.it\/wp-content\/uploads\/2016\/02\/2009-2013_409.jpg\"><\/div><div><img decoding=\"async\" src=\"https:\/\/www.ri-me.it\/wp-content\/uploads\/2016\/02\/2009-2013_408.jpg\"><\/div><div><img decoding=\"async\" src=\"https:\/\/www.ri-me.it\/wp-content\/uploads\/2016\/02\/2009-2013_407.jpg\"><\/div><div><img decoding=\"async\" src=\"https:\/\/www.ri-me.it\/wp-content\/uploads\/2016\/02\/2009-2013_406.jpg\"><\/div><div><img decoding=\"async\" src=\"https:\/\/www.ri-me.it\/wp-content\/uploads\/2016\/02\/2009-2013_405.jpg\"><\/div><div><img decoding=\"async\" src=\"https:\/\/www.ri-me.it\/wp-content\/uploads\/2016\/02\/2009-2013_404.jpg\"><\/div><div><img decoding=\"async\" src=\"https:\/\/www.ri-me.it\/wp-content\/uploads\/2016\/02\/2009-2013_403.jpg\"><\/div><div><img decoding=\"async\" src=\"https:\/\/www.ri-me.it\/wp-content\/uploads\/2016\/02\/2009-2013_401.jpg\"><\/div><div><img decoding=\"async\" src=\"https:\/\/www.ri-me.it\/wp-content\/uploads\/2016\/02\/2009-2013_400.jpg\"><\/div><div><img decoding=\"async\" src=\"https:\/\/www.ri-me.it\/wp-content\/uploads\/2016\/02\/2009-2013_399.jpg\"><\/div><div><img decoding=\"async\" src=\"https:\/\/www.ri-me.it\/wp-content\/uploads\/2016\/02\/2009-2013_398.jpg\"><\/div><div><img decoding=\"async\" src=\"https:\/\/www.ri-me.it\/wp-content\/uploads\/2016\/02\/2009-2013_397.jpg\"><\/div><div><img decoding=\"async\" src=\"https:\/\/www.ri-me.it\/wp-content\/uploads\/2016\/02\/2009-2013_396.jpg\"><\/div><div><img decoding=\"async\" src=\"https:\/\/www.ri-me.it\/wp-content\/uploads\/2016\/02\/2009-2013_395.jpg\"><\/div><div><img decoding=\"async\" src=\"https:\/\/www.ri-me.it\/wp-content\/uploads\/2016\/02\/2009-2013_394.jpg\"><\/div><div><img decoding=\"async\" src=\"https:\/\/www.ri-me.it\/wp-content\/uploads\/2016\/02\/2009-2013_393.jpg\"><\/div><div><img decoding=\"async\" src=\"https:\/\/www.ri-me.it\/wp-content\/uploads\/2016\/02\/2009-2013_392.jpg\"><\/div><div><img decoding=\"async\" src=\"https:\/\/www.ri-me.it\/wp-content\/uploads\/2016\/02\/2009-2013_391.jpg\"><\/div><div><img decoding=\"async\" src=\"https:\/\/www.ri-me.it\/wp-content\/uploads\/2016\/02\/2009-2013_390.jpg\"><\/div><div><img decoding=\"async\" src=\"https:\/\/www.ri-me.it\/wp-content\/uploads\/2016\/02\/2009-2013_389.jpg\"><\/div><div><img decoding=\"async\" src=\"https:\/\/www.ri-me.it\/wp-content\/uploads\/2016\/02\/2009-2013_388.jpg\"><\/div><div><img decoding=\"async\" src=\"https:\/\/www.ri-me.it\/wp-content\/uploads\/2016\/02\/2009-2013_387.jpg\"><\/div><div><img decoding=\"async\" src=\"https:\/\/www.ri-me.it\/wp-content\/uploads\/2016\/02\/2009-2013_386.jpg\"><\/div><div><img decoding=\"async\" src=\"https:\/\/www.ri-me.it\/wp-content\/uploads\/2016\/02\/2009-2013_385.jpg\"><\/div><div><img decoding=\"async\" src=\"https:\/\/www.ri-me.it\/wp-content\/uploads\/2016\/02\/2009-2013_384.jpg\"><\/div><div><img decoding=\"async\" src=\"https:\/\/www.ri-me.it\/wp-content\/uploads\/2016\/02\/2009-2013_383.jpg\"><\/div><div><img decoding=\"async\" src=\"https:\/\/www.ri-me.it\/wp-content\/uploads\/2016\/02\/2009-2013_382.jpg\"><\/div><div><img decoding=\"async\" src=\"https:\/\/www.ri-me.it\/wp-content\/uploads\/2016\/02\/2009-2013_381.jpg\"><\/div><div><img decoding=\"async\" src=\"https:\/\/www.ri-me.it\/wp-content\/uploads\/2016\/02\/2009-2013_380.jpg\"><\/div><div><img decoding=\"async\" src=\"https:\/\/www.ri-me.it\/wp-content\/uploads\/2016\/02\/2009-2013_378.jpg\"><\/div><div><img decoding=\"async\" src=\"https:\/\/www.ri-me.it\/wp-content\/uploads\/2016\/02\/2009-2013_375.jpg\"><\/div><div><img decoding=\"async\" src=\"https:\/\/www.ri-me.it\/wp-content\/uploads\/2016\/02\/2009-2013_374.jpg\"><\/div><div><img decoding=\"async\" src=\"https:\/\/www.ri-me.it\/wp-content\/uploads\/2016\/02\/2009-2013_370.jpg\"><\/div><div><img decoding=\"async\" src=\"https:\/\/www.ri-me.it\/wp-content\/uploads\/2016\/02\/2009-2013_369.jpg\"><\/div><div><img decoding=\"async\" src=\"https:\/\/www.ri-me.it\/wp-content\/uploads\/2016\/02\/2009-2013_368.jpg\"><\/div><div><img decoding=\"async\" src=\"https:\/\/www.ri-me.it\/wp-content\/uploads\/2016\/02\/2009-2013_367.jpg\"><\/div><div><img decoding=\"async\" src=\"https:\/\/www.ri-me.it\/wp-content\/uploads\/2016\/02\/2009-2013_467.jpg\"><\/div>    <\/div>\n<\/div>\n<p>[\/et_pb_text][et_pb_divider height=&#8221;30&#8243; disabled_on=&#8221;on|on|off&#8221; _builder_version=&#8221;3.0.47&#8243; hide_on_mobile=&#8221;on&#8221;]<\/p>\n<p>\u00a0<\/p>\n<p>[\/et_pb_divider][\/et_pb_column][\/et_pb_row][\/et_pb_section]<\/p>\n","protected":false},"excerpt":{"rendered":"<p>[et_pb_section fb_built=&#8221;1&#8243; fullwidth=&#8221;on&#8221; _builder_version=&#8221;3.0.47&#8243;][et_pb_fullwidth_header title=&#8221;Collections Pass\u00e8es&#8221; subhead=&#8221;S\u00e9lection d&#8217;articles de collections pass\u00e9es&#8221; background_layout=&#8221;dark&#8221; background_overlay_color=&#8221;rgba(0,0,0,0.55)&#8221; _builder_version=&#8221;3.0.75&#8243; background_image=&#8221;https:\/\/www.ri-me.it\/wp-content\/uploads\/2016\/02\/Accessories.jpg&#8221; background_url=&#8221;https:\/\/www.ri-me.it\/wp-content\/uploads\/2016\/02\/Accessories.jpg&#8221;] \u00a0 [\/et_pb_fullwidth_header][\/et_pb_section][et_pb_section fb_built=&#8221;1&#8243; admin_label=&#8221;section&#8221; custom_padding_last_edited=&#8221;on|desktop&#8221; _builder_version=&#8221;3.0.47&#8243; background_image=&#8221;https:\/\/www.ri-me.it\/wp-content\/uploads\/2016\/02\/Artemis.jpg&#8221; parallax=&#8221;on&#8221; custom_padding_tablet=&#8221;50px|0|50px|0&#8243; transparent_background=&#8221;off&#8221; padding_mobile=&#8221;off&#8221;][et_pb_row use_custom_gutter=&#8221;on&#8221; gutter_width=&#8221;1&#8243; padding_mobile=&#8221;off&#8221; column_padding_mobile=&#8221;on&#8221; padding_top_1=&#8221;20&#8243; padding_right_1=&#8221;5&#8243; padding_bottom_1=&#8221;20&#8243; padding_left_1=&#8221;5&#8243; admin_label=&#8221;row&#8221; _builder_version=&#8221;3.0.47&#8243; background_size=&#8221;initial&#8221; background_position=&#8221;top_left&#8221; background_repeat=&#8221;repeat&#8221; _i=&#8221;0&#8243; _address=&#8221;1.0&#8243;][et_pb_column type=&#8221;4_4&#8243; _builder_version=&#8221;3.0.47&#8243; padding_bottom=&#8221;20&#8243; padding_left=&#8221;5&#8243; padding_right=&#8221;5&#8243; padding_top=&#8221;20&#8243; column_padding_mobile=&#8221;on&#8221; parallax=&#8221;off&#8221; parallax_method=&#8221;on&#8221;][et_pb_divider height=&#8221;30&#8243; disabled_on=&#8221;on|on|off&#8221; _builder_version=&#8221;3.0.47&#8243; hide_on_mobile=&#8221;on&#8221;] [&hellip;]<\/p>\n","protected":false},"author":6,"featured_media":0,"parent":0,"menu_order":0,"comment_status":"closed","ping_status":"closed","template":"","meta":{"_et_pb_use_builder":"on","_et_pb_old_content":"","footnotes":""},"class_list":["post-1559","page","type-page","status-publish","hentry"],"_links":{"self":[{"href":"https:\/\/www.ri-me.it\/fr\/wp-json\/wp\/v2\/pages\/1559","targetHints":{"allow":["GET"]}}],"collection":[{"href":"https:\/\/www.ri-me.it\/fr\/wp-json\/wp\/v2\/pages"}],"about":[{"href":"https:\/\/www.ri-me.it\/fr\/wp-json\/wp\/v2\/types\/page"}],"author":[{"embeddable":true,"href":"https:\/\/www.ri-me.it\/fr\/wp-json\/wp\/v2\/users\/6"}],"replies":[{"embeddable":true,"href":"https:\/\/www.ri-me.it\/fr\/wp-json\/wp\/v2\/comments?post=1559"}],"version-history":[{"count":0,"href":"https:\/\/www.ri-me.it\/fr\/wp-json\/wp\/v2\/pages\/1559\/revisions"}],"wp:attachment":[{"href":"https:\/\/www.ri-me.it\/fr\/wp-json\/wp\/v2\/media?parent=1559"}],"curies":[{"name":"wp","href":"https:\/\/api.w.org\/{rel}","templated":true}]}}